{"id":1695,"date":"2023-06-16T06:30:25","date_gmt":"2023-06-16T04:30:25","guid":{"rendered":"http:\/\/katalog.malarstwa.sciennego.mazowsze.uksw.edu.pl\/?page_id=1695"},"modified":"2023-06-25T13:04:47","modified_gmt":"2023-06-25T11:04:47","slug":"katalog","status":"publish","type":"page","link":"https:\/\/katalog.malarstwa.sciennego.mazowsze.uksw.edu.pl\/?page_id=1695","title":{"rendered":"KATALOG"},"content":{"rendered":"\n<p><\/p>\n\n\n\n<p><a href=\"http:\/\/katalog.malarstwa.sciennego.mazowsze.uksw.edu.pl\/wp-content\/uploads\/2023\/06\/katalog-1.pdf\"><strong>TEKST KATALOGU<\/strong><\/a><\/p>\n\n\n\n<p class=\"has-text-align-center\">Jakub Lewicki<\/p>\n\n\n\n<p class=\"has-text-align-center\">Micha\u0142 Wardzy\u0144ski<\/p>\n\n\n\n<p class=\"has-text-align-center\">Ma\u0142gorzata Korpa\u0142a<\/p>\n\n\n\n<p class=\"has-text-align-center\"><strong><em>Katalog malarstwa \u015bredniowiecznego i nowo\u017cytnego na Mazowszu<\/em><\/strong><\/p>\n\n\n\n<p class=\"has-text-align-center\"><strong><em>cz. 1<\/em><\/strong><\/p>\n\n\n\n<p class=\"has-text-align-center\"><strong>wyd. Mazowiecki Wojew\u00f3dzki Konserwator Zabytk\u00f3w<\/strong><\/p>\n\n\n\n<p class=\"has-text-align-center\"><\/p>\n\n\n\n<p class=\"has-text-align-center\"><strong>Raport ko\u0144cowy z realizacji projektu badawczego NPRH nr 11H 13 0065 82.<\/strong><\/p>\n\n\n\n<p class=\"has-text-align-center\"><\/p>\n\n\n\n<p class=\"has-text-align-center\"><strong><em>\u201eInwentaryzacja malarstwa \u015bciennego \u015bredniowiecznego i nowo\u017cytnego<\/em><\/strong> <strong><em>na Mazowszu\u201d<\/em><\/strong><\/p>\n\n\n\n<p class=\"has-text-align-center\"><\/p>\n\n\n\n<p class=\"has-text-align-center\">Uniwersytet Kardyna\u0142a Stefana Wyszy\u0144skiego w Warszawie,<\/p>\n\n\n\n<p class=\"has-text-align-center\">Wydzia\u0142 Nauk Historycznych i Spo\u0142ecznych, ul. Dewajtis 5, 01-815 Warszawa<\/p>\n\n\n\n<p class=\"has-text-align-center\"><\/p>\n\n\n\n<p><\/p>\n","protected":false},"excerpt":{"rendered":"<p>TEKST KATALOGU Jakub Lewicki Micha\u0142 Wardzy\u0144ski Ma\u0142gorzata Korpa\u0142a Katalog malarstwa \u015bredniowiecznego i nowo\u017cytnego na Mazowszu cz. 1 wyd. Mazowiecki Wojew\u00f3dzki&hellip;<\/p>\n","protected":false},"author":7,"featured_media":0,"parent":0,"menu_order":0,"comment_status":"closed","ping_status":"closed","template":"","meta":[],"_links":{"self":[{"href":"https:\/\/katalog.malarstwa.sciennego.mazowsze.uksw.edu.pl\/index.php?rest_route=\/wp\/v2\/pages\/1695"}],"collection":[{"href":"https:\/\/katalog.malarstwa.sciennego.mazowsze.uksw.edu.pl\/index.php?rest_route=\/wp\/v2\/pages"}],"about":[{"href":"https:\/\/katalog.malarstwa.sciennego.mazowsze.uksw.edu.pl\/index.php?rest_route=\/wp\/v2\/types\/page"}],"author":[{"embeddable":true,"href":"https:\/\/katalog.malarstwa.sciennego.mazowsze.uksw.edu.pl\/index.php?rest_route=\/wp\/v2\/users\/7"}],"replies":[{"embeddable":true,"href":"https:\/\/katalog.malarstwa.sciennego.mazowsze.uksw.edu.pl\/index.php?rest_route=%2Fwp%2Fv2%2Fcomments&post=1695"}],"version-history":[{"count":4,"href":"https:\/\/katalog.malarstwa.sciennego.mazowsze.uksw.edu.pl\/index.php?rest_route=\/wp\/v2\/pages\/1695\/revisions"}],"predecessor-version":[{"id":1796,"href":"https:\/\/katalog.malarstwa.sciennego.mazowsze.uksw.edu.pl\/index.php?rest_route=\/wp\/v2\/pages\/1695\/revisions\/1796"}],"wp:attachment":[{"href":"https:\/\/katalog.malarstwa.sciennego.mazowsze.uksw.edu.pl\/index.php?rest_route=%2Fwp%2Fv2%2Fmedia&parent=1695"}],"curies":[{"name":"wp","href":"https:\/\/api.w.org\/{rel}","templated":true}]}}