{"id":1690,"date":"2023-06-16T06:18:41","date_gmt":"2023-06-16T04:18:41","guid":{"rendered":"http:\/\/katalog.malarstwa.sciennego.mazowsze.uksw.edu.pl\/?page_id=1690"},"modified":"2023-06-16T06:44:30","modified_gmt":"2023-06-16T04:44:30","slug":"konferencje","status":"publish","type":"page","link":"https:\/\/katalog.malarstwa.sciennego.mazowsze.uksw.edu.pl\/?page_id=1690","title":{"rendered":"KONFERENCJE"},"content":{"rendered":"\n<p><strong>Organizacja konferencji:<\/strong><\/p>\n\n\n\n<p>Zorganizowano og\u00f3lnopolsk\u0105 sesj\u0119 naukow\u0105 <em>Inwentaryzacja i katalog zabytk\u00f3w, jako podstawa ochrony i polityki konserwatorskiej. Metody osi\u0105gni\u0119cia, zamierzenia<\/em>, 20 IX Warszawa 2016, 5 o\u015brodk\u00f3w uczestnicz\u0105cych. Materia\u0142y z konferencji zosta\u0142y wydane. <\/p>\n\n\n\n<p><strong>Referaty:<\/strong><\/p>\n\n\n\n<p>Jakub Lewicki,I Kongres Miejscowo\u015bci Historycznych Mazowsza, wsp\u00f3\u0142organizowany przez Mazowiecki Instytut Kultury, Stowarzyszenie ,,\u0141ad na Mazowszu\u201d oraz w\u0142adze samorz\u0105dowe regionu, Warszawa, 14 wrze\u015bnia 2018: <em>Zabytki na Mazowszu <\/em>(m.in. o zabytkach malarstwa nowo\u017cytnego na Mazowszu).<\/p>\n\n\n\n<p>Jakub Lewicki, <em>Konserwacja zabytk\u00f3w na Mazowszu wobec nowych wyzwa\u0144 i zmian teorii konserwatorskiej<\/em><strong> <\/strong>[w:] <em>Forum Konserwatorskie<\/em>, Wroc\u0142aw 23 III 2019.<\/p>\n\n\n\n<p>Jakub Lewicki, <em>Badania i konserwacja malowide\u0142 \u015bciennych na Mazowszu i w Warszawie &#8211; osi\u0105gni\u0119cia ostatnich lat<\/em>, [w:]<em>&nbsp;Mazowsze-Warszawa, Warszawa-Mazowsze. Z dziej\u00f3w wzajemnych relacji kulturowo-artystycznych regionu i metropolii<\/em>, Warszawa 29 X 2019, org. Mazowiecki Instytut Kultury.<\/p>\n\n\n\n<p>Micha\u0142 Wardzy\u0144ski,XIV Mi\u0119dzynarodowy Festiwal ks. Macieja Kazimierza Sarbiewskiego \u201eChrze\u015bcija\u0144ski Horacy z Mazowsza\u201d, Ciechan\u00f3w, 12 V 2018: <em>Renesansowa polichromia w ko\u015bciele w Sarbiewie z XVI wieku oraz dekoracje malarskie w ko\u015bcio\u0142ach grupy pu\u0142tuskiej<\/em> (grupa pu\u0142tuska i malatury mistrz\u00f3w: Wojciecha, Jana Jantasa, Stanis\u0142awa Pieczonki z Warszawy i Macieja z Kocka).<\/p>\n\n\n\n<p>Micha\u0142 Wardzy\u0144ski,I Kongres Miejscowo\u015bci Historycznych Mazowsza, wsp\u00f3\u0142organizowany przez Mazowiecki Instytut Kultury, Stowarzyszenie ,,\u0141ad na Mazowszu\u201d oraz w\u0142adze samorz\u0105dowe regionu, Warszawa, 14 IX 2018: <em>Co to jest historyczna miejscowo\u015b\u0107, ranga skarb\u00f3w kulturowych Mazowsza, turystyka kulturowa<\/em> (m.in. o planowanych szlakach kulturowo-artystycznych na Mazowszu, m.in. Jana Baptysty z Wenecji i malarstwa renesansowego na Mazowszu)<\/p>\n\n\n\n<p>Micha\u0142 Wardzy\u0144ski,Stacja PAN w Wiedniu, 18 X 2018: <em>Das Kunstzentrum der F\u00fcrsten Sieniawski und Czartoryski in Pu\u0142awy als Expositur der Kunst der Staaten der Habsburger Monarchie<\/em> (sprawa dotyczy\u0142a m.in. freskant\u00f3w czynnych w Wilanowie, Warszawie i na Mazowszu: Giuseppe Rossiego i Sebastiana Ecksteina).<\/p>\n\n\n\n<p>Micha\u0142 Wardzy\u0144ski,<em>&nbsp;Malarstwo monumentalne doby p\u00f3\u017anego baroku i rokoka z perspektywy Warszawy. Absolwenci Malarni Czechowicza i Smuglewicza a sascy i morawscy konkurenci<\/em>, [w:]&nbsp;<em>Mazowsze-Warszawa, Warszawa-Mazowsze. Z dziej\u00f3w wzajemnych relacji kulturowo-artystycznych regionu i metropolii<\/em>,&nbsp;Warszawa 29 X 2019, org. Mazowiecki Instytut Kultury.<\/p>\n\n\n\n<p>Micha\u0142 Wardzy\u0144ski,Mazowiecki Instytut Kultury w Warszawie, Mazowiecka Akademia Dziedzictwa, Warszawa, Kino Luna, XI 2018: <em>Mazowiecka Akademia Dziedzictwa, czyli o specyfice regionalnej kultury artystycznej Mazowsza<\/em> (o dekoracjach malarskich doby renesansu i rokoka na Mazowszu).<\/p>\n\n\n\n<p>Micha\u0142 Wardzy\u0144ski,<em>&nbsp;Panorama malarstwa monumentalnego, czyli o freskach i polichromiach w rezydencji i ko\u015bcio\u0142\u00f3w regionu<\/em>, [w:]&nbsp;Mazowiecka Akademia Dziedzictwa, 12 XI 2019, org. Mazowiecki Instytut Kultury.<\/p>\n\n\n\n<p>Konrad Morawski, Micha\u0142 Wardzy\u0144ski,&nbsp;<em>Ceroni, Reisner i Mackensen. Sprawy artystyczne w kluczach w\u0119growskim i soko\u0142owskim Jana Dobrogosta Krasi\u0144skiego wg nowo odkrytych \u017ar\u00f3de\u0142 z lat 1700-1720<\/em>, [w:]<em>&nbsp;Mazowsze-Warszawa, Warszawa-Mazowsze. Z dziej\u00f3w wzajemnych relacji kulturowo-artystycznych regionu i metropolii<\/em>, og\u00f3lnopolska konferencja naukowa, Warszawa 29 X 2019, org. Mazowiecki Instytut Kultury.<\/p>\n\n\n\n<p>Ma\u0142gorzata Korpa\u0142a,<em>Poszukiwanie kryteri\u00f3w oceny nowoczesnych malowide\u0142 \u015bciennych w zabytkowych ko\u015bcio\u0142ach w Polsce<\/em>, og\u00f3lnopolska konferencja: <em>Ochrona dziedzictwa kulturowego. Dziedzictwo XX wieku \u2013 kryteria wyboru, zasady ochrony<\/em>, Warszawa 5-6 XII 2016.<\/p>\n\n\n\n<p>Ma\u0142gorzata Korpa\u0142a, <em>Nietypowe rozwi\u0105zania barokowego malarstwa \u015bciennego na wybranych przyk\u0142adach z terenu Mazowsza<\/em>, og\u00f3lnopolska konferencja naukowa \u201e<em>Wok\u00f3\u0142 zagadnie\u0144 warsztatu artysty: malarza, rze\u017abiarza, architekta<\/em>\u201d, Toru\u0144 19-21 X 2017.<\/p>\n\n\n\n<p>Ma\u0142gorzata Korpa\u0142a, <em>Nowe aran\u017cacje wn\u0119trz sakralnych z pierwszej po\u0142owy XX wieku na terenie dawnego wojew\u00f3dztwa kieleckiego<\/em>, og\u00f3lnopolska konferencja: <em>Sztuka w \u015awi\u0119tokrzyskiem w XIX i XX wieku<\/em>, 23 XI 2017, Kielce.<\/p>\n\n\n\n<p>Ma\u0142gorzata Korpa\u0142a, <em>Nowoczesno\u015b\u0107 w zabytku. Wystroje wn\u0119trz sakralnych w okresie dwudziestolecia mi\u0119dzywojennego<\/em>, \u201eProjekty dla Niepodleg\u0142ej. Architektura i sztuka w Polsce po roku 1918\u201d, Krakowski Oddzia\u0142 Stowarzyszenia Historyk\u00f3w Sztuki oraz Muzeum Narodowe w Krakowie, og\u00f3lnopolska konferencja naukowa, Krak\u00f3w 19 X 2018.<\/p>\n\n\n\n<p>Ma\u0142gorzata Korpa\u0142a,<em> Nowoczesne malarstwo w zabytkach jako manifestacja nowych gust\u00f3w i przejaw modernizacji<\/em>, \u201eNiepodleg\u0142o\u015b\u0107 i nowoczesno\u015b\u0107\u201d, Oddzia\u0142 Szczeci\u0144ski Stowarzyszenia Historyk\u00f3w Sztuki, og\u00f3lnopolska konferencja naukowa, Szczecin 22-24 XI 2018.<\/p>\n\n\n\n<p>Ma\u0142gorzata Korpa\u0142a, <em>Analiza technik malarskich w zespole XVI wiecznych malowide\u0142 \u015bciennych tzw. grupy pu\u0142tuskiej<\/em>, [w:]<em>&nbsp;Mazowsze-Warszawa, Warszawa-Mazowsze. Z dziej\u00f3w wzajemnych relacji kulturowo-artystycznych regionu i metropolii<\/em>, og\u00f3lnopolska konferencja naukowa, Warszawa 29 X 2019, org. Mazowiecki Instytut Kultury.<\/p>\n","protected":false},"excerpt":{"rendered":"<p>Organizacja konferencji: Zorganizowano og\u00f3lnopolsk\u0105 sesj\u0119 naukow\u0105 Inwentaryzacja i katalog zabytk\u00f3w, jako podstawa ochrony i polityki konserwatorskiej. Metody osi\u0105gni\u0119cia, zamierzenia, 20&hellip;<\/p>\n","protected":false},"author":7,"featured_media":0,"parent":0,"menu_order":0,"comment_status":"closed","ping_status":"closed","template":"","meta":[],"_links":{"self":[{"href":"https:\/\/katalog.malarstwa.sciennego.mazowsze.uksw.edu.pl\/index.php?rest_route=\/wp\/v2\/pages\/1690"}],"collection":[{"href":"https:\/\/katalog.malarstwa.sciennego.mazowsze.uksw.edu.pl\/index.php?rest_route=\/wp\/v2\/pages"}],"about":[{"href":"https:\/\/katalog.malarstwa.sciennego.mazowsze.uksw.edu.pl\/index.php?rest_route=\/wp\/v2\/types\/page"}],"author":[{"embeddable":true,"href":"https:\/\/katalog.malarstwa.sciennego.mazowsze.uksw.edu.pl\/index.php?rest_route=\/wp\/v2\/users\/7"}],"replies":[{"embeddable":true,"href":"https:\/\/katalog.malarstwa.sciennego.mazowsze.uksw.edu.pl\/index.php?rest_route=%2Fwp%2Fv2%2Fcomments&post=1690"}],"version-history":[{"count":3,"href":"https:\/\/katalog.malarstwa.sciennego.mazowsze.uksw.edu.pl\/index.php?rest_route=\/wp\/v2\/pages\/1690\/revisions"}],"predecessor-version":[{"id":1701,"href":"https:\/\/katalog.malarstwa.sciennego.mazowsze.uksw.edu.pl\/index.php?rest_route=\/wp\/v2\/pages\/1690\/revisions\/1701"}],"wp:attachment":[{"href":"https:\/\/katalog.malarstwa.sciennego.mazowsze.uksw.edu.pl\/index.php?rest_route=%2Fwp%2Fv2%2Fmedia&parent=1690"}],"curies":[{"name":"wp","href":"https:\/\/api.w.org\/{rel}","templated":true}]}}