{"id":1684,"date":"2023-06-15T21:44:24","date_gmt":"2023-06-15T19:44:24","guid":{"rendered":"http:\/\/katalog.malarstwa.sciennego.mazowsze.uksw.edu.pl\/?page_id=1684"},"modified":"2023-06-25T12:59:47","modified_gmt":"2023-06-25T10:59:47","slug":"inwentaryzacja-malarstwa-sciennego-sredniowiecznego-i-nowozytnego-na-mazowszu","status":"publish","type":"page","link":"https:\/\/katalog.malarstwa.sciennego.mazowsze.uksw.edu.pl\/","title":{"rendered":"PROJEKT BADAWCZY"},"content":{"rendered":"\n<p><\/p>\n\n\n\n<p><em><strong>Inwentaryzacja malarstwa \u015bciennego \u015bredniowiecznego i nowo\u017cytnego na Mazowszu<\/strong><\/em><\/p>\n\n\n\n<p><strong>NPRH nr <\/strong><strong>11H 13 0065 82.<\/strong><\/p>\n\n\n\n<p><\/p>\n\n\n\n<p><strong>Projekt badawczy NPRH nr <\/strong><strong>11H 13 0065 82.<\/strong><\/p>\n\n\n\n<p><strong><em>\u201eInwentaryzacja malarstwa \u015bciennego \u015bredniowiecznego i nowo\u017cytnego na Mazowszu\u201d<\/em><\/strong><\/p>\n\n\n\n<p>Uniwersytet Kardyna\u0142a Stefana Wyszy\u0144skiego w Warszawie, Wydzia\u0142 Nauk Historycznych i Spo\u0142ecznych, ul. Dewajtis 5, 01-815 Warszawa<\/p>\n\n\n\n<p><strong>Syntetyczny opis uzyskanych wynik\u00f3w, osi\u0105gni\u0119cia naukowe i zastosowania praktyczne<\/strong><\/p>\n\n\n\n<p>Celem zg\u0142oszonego projektu by\u0142o wykonanie inwentaryzacji malarstwa \u015bciennego na terenie Mazowsza z okresu \u015bredniowiecza i nowo\u017cytno\u015bci. Inwentaryzacja obj\u0119\u0142a malarstwo \u015bcienne znajduj\u0105ce si\u0119 w budowlach sakralnych, jak i w budynkach \u015bwieckich od czas\u00f3w najdawniejszych do ko\u0144ca XVIII wieku.<\/p>\n\n\n\n<p>W wyniku projektu wykonano inwentaryzacj\u0119 malarstwa \u015bciennego z okresu \u015bredniowiecza i nowo\u017cytno\u015bci na terenie Mazowsza oraz przygotowano tekst katalogu malarstwa \u015bciennego na Mazowszu (autorzy: Jakub Lewicki, Micha\u0142 Wardzy\u0144ski,Ma\u0142gorzata Korpa\u0142a) i z\u0142o\u017cono go do druku. Katalog zostanie wydany przez Mazowieckiego Wojew\u00f3dzkiego Konserwatora Zabytk\u00f3w. By\u0142o to podstawowym celem projektu. W ramach katalogu wykonano opisy i analizy zabytk\u00f3w malarstwa oraz wykonano dok\u0142adn\u0105 inwentaryzacj\u0119 fotograficzn\u0105 inwentaryzowanych zabytk\u00f3w (blisko 7 tysi\u0119cy fotografii).<\/p>\n\n\n\n<p>Ponadto opublikowano 29 artyku\u0142\u00f3w i rozdzia\u0142\u00f3w w monografiach naukowych b\u0119d\u0105cych efektem bada\u0144 prowadzonych podczas inwentaryzacji malarstwa, co by\u0142o dodatkowym efektem realizacji projektu. Wyg\u0142oszono tak\u017ce 16 referat\u00f3w naukowych, co tak\u017ce by\u0142o dodatkowym efektem realizacji projektu.<\/p>\n\n\n\n<p><a href=\"http:\/\/katalog.malarstwa.sciennego.mazowsze.uksw.edu.pl\/wp-content\/uploads\/2023\/06\/katalog-1.pdf\">Katalog<\/a> b\u0119dzie podstawowym materia\u0142em do dalszych bada\u0144 nad malarstwem \u015bciennym z okresu \u015bredniowiecza i nowo\u017cytno\u015bci na Mazowszu.<strong><br><\/strong> <\/p>\n\n\n\n<p><strong>Lista miejscowo\u015bci obj\u0119tym katalogiem malarstwa \u015bredniowiecznego i nowo\u017cytnego<\/strong><\/p>\n\n\n\n<p><strong>na terenie obecnego woj. mazowieckiego:<\/strong><\/p>\n\n\n\n<p><a><strong>BELSK DU\u017bY<\/strong><\/a>, powiat gr\u00f3jecki, &nbsp;ko\u015bci\u00f3\u0142 parafialny, polichromia wn\u0119trza<\/p>\n\n\n\n<p><strong>BROCH\u00d3W<\/strong>, powiat sochaczewski, ko\u015bci\u00f3\u0142 parafialny, relikty oryginalnej polichromii wn\u0119trza<\/p>\n\n\n\n<p><strong>BROK<\/strong>, powiat ostrowski, ko\u015bci\u00f3\u0142 parafialny, polichromia sklepie\u0144<\/p>\n\n\n\n<p><strong>CIEKSYN<\/strong>, powiat nowodworski, ko\u015bci\u00f3\u0142 parafialny, prezbiterium, scena figuralna<\/p>\n\n\n\n<p><strong>CHLEWISKA<\/strong>, powiat radomski, ko\u015bci\u00f3\u0142 parafialny, polichromia p\u00f3\u017anogotycko-renesansowa detali kamieniarskich<\/p>\n\n\n\n<p><strong>CZERWI\u0143SK NAD WIS\u0141\u0104 <\/strong>, powiat p\u0142o\u0144ski<strong>:<\/strong><\/p>\n\n\n\n<p>&#8211; dawny ko\u015bci\u00f3\u0142 opacki kanonik\u00f3w regularnych latera\u0144skich, relikty oryginalnej polichromii absydy prezbiterium, kaplic bocznych Krzy\u017ca \u015aw. i \u015bw. Augustyna, zakrystii<\/p>\n\n\n\n<p>&#8211; klasztor kanonik\u00f3w regularnych latera\u0144skich, polichromia kaplicy konwentualnej<\/p>\n\n\n\n<p><strong>G\u0104SIOROWO,<\/strong>powiat pu\u0142tuski, ko\u015bci\u00f3\u0142 parafialny, zacheuszki, obramienia o\u0142tarzy<\/p>\n\n\n\n<p><strong>GO\u0179LIN-MARIA\u0143SKIE PORZECZE<\/strong> powiat garwoli\u0144ski, ko\u015bci\u00f3\u0142 parafialny, polichromia wn\u0119trza<\/p>\n\n\n\n<p><strong>GRODZISK MAZOWIECKI-JORDANOWICE<\/strong>, powiat grodziski, dw\u00f3r, polichromia gabinetu<\/p>\n\n\n\n<p><strong>GR\u00d3DEK<\/strong>, powiat radomski, ko\u015bci\u00f3\u0142 parafialny pw. Tr\u00f3jcy \u015aw., nawa, polichromia p\u00f3\u017anorenesansowa<\/p>\n\n\n\n<p><strong>I\u0141\u017bA<\/strong>, powiat i\u0142\u017cecki, ko\u015bci\u00f3\u0142 parafialny, polichromia wn\u0119trza kaplicy bocznej Szyszkowskich, fragment polichromii w arkadzie mi\u0119dzynawowej<\/p>\n\n\n\n<p><strong>JAB\u0141ONNA, <\/strong>powiat legionowski, pa\u0142ac, polichromia sala terrena, Sala Maureta\u0144ska, oficyna \u2013 pawilon kr\u00f3lewski, polichromie klatki schodowej i gabinetu<\/p>\n\n\n\n<p><strong>KOBY\u0141KA, <\/strong>powiat wo\u0142omi\u0144ski, ko\u015bci\u00f3\u0142 parafialny jezuit\u00f3w, polichromia wn\u0119trza oraz elewacji bocznych i zewn\u0119trznej kaplicy Ukrzy\u017cowania<\/p>\n\n\n\n<p><strong>KRASNE<\/strong>, powiat przasnyski, ko\u015bci\u00f3\u0142 parafialny, zesp\u00f3\u0142 iluzjonistycznych o\u0142tarzy i odkrywki polichromii wn\u0119trza<\/p>\n\n\n\n<p><strong>KURDWAN\u00d3W,<\/strong> powiat sochaczewski, ko\u015bci\u00f3\u0142 par. pw. Przemienienia Pa\u0144skiego, polichromia wn\u0119trza<\/p>\n\n\n\n<p><strong>LUBERADZ<\/strong>, powiat ciechanowski, pa\u0142ac, wystr\u00f3j malarski<\/p>\n\n\n\n<p><strong>\u0141\u0118CZESZYCE<\/strong>, powiat gr\u00f3jecki, ko\u015bci\u00f3\u0142 paulin\u00f3w, zesp\u00f3\u0142 iluzjonistycznych o\u0142tarzy bocznych i polichromia kaplicy bocznej<\/p>\n\n\n\n<p><strong>MALU\u017bYN<\/strong>, powiat ciechanowski, ko\u015bci\u00f3\u0142 parafialny, polichromia belki wi\u0119\u017aby dachowej<\/p>\n\n\n\n<p><strong>MA\u0141A WIE\u015a<\/strong>, powiat gr\u00f3jecki, pa\u0142ac, polichromie wn\u0119trz reprezentacyjnych parteru i <em>piano nobile<\/em><\/p>\n\n\n\n<p><strong>MICHA\u0141OWICE<\/strong>, powiat gr\u00f3jecki, &nbsp;ko\u015bci\u00f3\u0142 parafialny, polichromia wn\u0119trza<\/p>\n\n\n\n<p><strong>NOWA SUCHA,<\/strong> powiat w\u0119growski, Dw\u00f3r Cieszkowskich, zesp\u00f3\u0142 supraport w salonie, stropy i supraporty w dw\u00f3ch gabinetach<\/p>\n\n\n\n<p><strong>ODECH\u00d3W<\/strong>, powiat radomski, ko\u015bci\u00f3\u0142 parafialny, belka t\u0119czowa<\/p>\n\n\n\n<p>Ostro\u0142\u0119ka, powiat Ostro\u0142\u0119ka, ko\u015bci\u00f3\u0142 bernardyn\u00f3w, relikty oryginalnej polichromii wn\u0119trza, zesp\u00f3\u0142 stacji drogi krzy\u017cowej w kru\u017cganku dziedzi\u0144ca pielgrzymkowego<\/p>\n\n\n\n<p><strong>OTWOCK WIELKI,<\/strong> powiat otwocki, willa podmiejska Bieli\u0144skich, zesp\u00f3\u0142 polichromii w trzech pokojach apartamentu paradnego: antykamery, kamery i gabinetu<\/p>\n\n\n\n<p><strong>PAPROTNIA,<\/strong> powiat siedlecki, ko\u015bci\u00f3\u0142 parafialny pw. \u015bw. Bart\u0142omieja, epitafium na elewacji \u015bciany wschodniej prezbiterium<\/p>\n\n\n\n<p><strong>PIECZYSKA<\/strong>, powiat gr\u00f3jecki, ko\u015bci\u00f3\u0142 parafialny, relikty oryginalnej polichromii prezbiterium<\/p>\n\n\n\n<p><strong>PIASECZNO<\/strong> powiat piaseczy\u0144ski, ko\u015bci\u00f3\u0142 parafialny pw. Wszystkich \u015awi\u0119tych (ob. \u015bw. Anny), polichromia wn\u0119k w prezbiterium<\/p>\n\n\n\n<p><strong>P\u0141OCK, <\/strong>powiat p\u0142ocki, <strong>&nbsp;<\/strong>kanonia, relikty oryginalnej polichromii wn\u0119trz<\/p>\n\n\n\n<p>Pu\u0142tusk, powiat pu\u0142tuski:<\/p>\n\n\n\n<p>&#8211; kolegiata, polichromia sklepienia i \u015bcian bocznych oraz wn\u0119trza kaplicy biskupa J\u0119drzeja Noskowskiego<\/p>\n\n\n\n<p>&#8211; ko\u015bci\u00f3\u0142 cmentarny \u015bw. Krzy\u017ca, relikty polichromii prezbiterium i kaplic bocznych<\/p>\n\n\n\n<p>&#8211; zamek biskup\u00f3w p\u0142ockich, kaplica i sala jadalna, relikty oryginalnej polichromii sklepienia<\/p>\n\n\n\n<p><strong>RADOM<\/strong>, powiat Radom, &nbsp;klasztor bernardyn\u00f3w, relikty oryginalnej polichromii prezbiterium i zakrystii<\/p>\n\n\n\n<p><strong>RADZYMIN<\/strong>, powiat p\u0142o\u0144ski, ko\u015bci\u00f3\u0142 parafialny, prezbiterium i \u0142uk t\u0119czowy, polichromia<\/p>\n\n\n\n<p><strong>RUSIN\u00d3W<\/strong>, powiat opoczy\u0144ski, pa\u0142ac Dembi\u0144skich, Sala asamblowa i pokoje, na pi\u0119trze<\/p>\n\n\n\n<p>Rybienko Stare, powiat wyszkowski, pa\u0142ac, polichromia wn\u0119trz reprezentacyjnych<\/p>\n\n\n\n<p><strong>SARBIEWO<\/strong>, powiat p\u0142o\u0144ski, ko\u015bci\u00f3\u0142 parafialny, zacheuszki, polichromia renesansowa (dwufazowa)<\/p>\n\n\n\n<p><strong>SIECIECH\u00d3W, <\/strong>powiat kozienicki:<\/p>\n\n\n\n<p>&#8211; ko\u015bci\u00f3\u0142 parafialny, polichromia wn\u0119trza<\/p>\n\n\n\n<p>&#8211; ko\u015bci\u00f3\u0142 opacki benedyktyn\u00f3w, polichromia wn\u0119trza<\/p>\n\n\n\n<p><strong>SIERPC<\/strong>, powiat sierpecki, ko\u015bci\u00f3\u0142 szpitalny, powiat p\u0142ocki, relikty oryginalnych polichromii wn\u0119trza<\/p>\n\n\n\n<p><strong>SKU\u0141Y<\/strong>, <a>powiat grodziski<\/a>, ko\u015bci\u00f3\u0142 parafialny, iluzjonistyczny o\u0142tarz g\u0142\u00f3wny, relikty polichromii prezbiterium<\/p>\n\n\n\n<p><strong>SMOGORZ\u00d3W<\/strong>, <a>powiat przysuski<\/a>, &nbsp;ko\u015bci\u00f3\u0142 parafialny, polichromia wn\u0119trza<\/p>\n\n\n\n<p><a>Stary Grudek<\/a>, powiat zwole\u0144ski, ko\u015bci\u00f3\u0142 parafialny, polichromia pierwotnej cz\u0119\u015bci nawy<\/p>\n\n\n\n<p><strong>SOLEC NAD WIS\u0141\u0104<\/strong>, powiat lipski, ko\u015bci\u00f3\u0142 parafialny pw. Wniebowzi\u0119cia Naj\u015bw. Marii Panny, elewacja zachodnia, wn\u0119ka<\/p>\n\n\n\n<p><strong>STRZEGOCIN<\/strong>, powiat pu\u0142tuski, ko\u015bci\u00f3\u0142 bernardyn\u00f3w, polichromia wn\u0119trza<\/p>\n\n\n\n<p><strong>SZYD\u0141OWIEC, <\/strong>powiat szyd\u0142owiecki:<\/p>\n\n\n\n<p>&#8211; ko\u015bci\u00f3\u0142 parafialny, polichromie \u015bcian bocznych i stropu nawy<\/p>\n\n\n\n<p>&#8211; zamek Szyd\u0142owieckich\/Radziwi\u0142\u0142\u00f3w: polichromie kra\u0144c\u00f3w i strop\u00f3w belkowych oraz \u015bcian pokoi reprezentacyjnych 1. pi\u0119tra<\/p>\n\n\n\n<p><strong>WARKA <\/strong>powiat gr\u00f3jecki:<\/p>\n\n\n\n<p>&#8211; ko\u015bci\u00f3\u0142 franciszkan\u00f3w, polichromia wn\u0119trza kaplicy bocznej<\/p>\n\n\n\n<p>&#8211; ko\u015bci\u00f3\u0142 parafialny, odkrywki polichromii \u015bcian nawy g\u0142\u00f3wnej<\/p>\n\n\n\n<p>Warszawa, powiat Warszawa:<\/p>\n\n\n\n<p>&#8211; ko\u015bci\u00f3\u0142 bernardyn\u00f3w \u015bw. Anny, polichromia wn\u0119trza i kaplicy bocznej b\u0142. \u0141adys\u0142awa z Gielniowa oraz kruchty i p\u00f3\u0142nocnego ramienia kru\u017cganka<\/p>\n\n\n\n<p>&#8211; ko\u015bci\u00f3\u0142 franciszkan\u00f3w konwentualnych, odkrywka zacheuszka<\/p>\n\n\n\n<p>&#8211; ko\u015bci\u00f3\u0142 karmelit\u00f3w bosych Wniebowzi\u0119cia Naj\u015bwi\u0119tszej Marii Panny i \u015bw. J\u00f3zefa Oblubie\u0144ca (seminaryjny), pola fryzu belkowania w prezbiterium, relikty oryginalnej polichromii \u015bciany o\u0142tarzowej<\/p>\n\n\n\n<p>&#8211; klasztor karmelit\u00f3w bosych, refektarz, relikty oryginalnej polichromii<\/p>\n\n\n\n<p>&#8211; klasztor karmelitanek bosych, polichromie dawnych wn\u0119trz matki prze\u0142o\u017conej i kapitularza \/ kaplicy domowej<\/p>\n\n\n\n<p>&#8211; ko\u015bci\u00f3\u0142 parafialny Nawiedzenia N.M.P., relikty oryginalnej polichromii przy \u0142uku t\u0119czowym<\/p>\n\n\n\n<p>&#8211; Zamek Kr\u00f3lewski: polichromie Gabinetu Monarch\u00f3w Europejskich<\/p>\n\n\n\n<p>&#8211; kamienice przy Starym Rynku, strona Dekerta (p\u00f3\u0142nocna): nr 20 (Winklerowska-fresk w sieni), (Kleindpoldowska-stropy), (Gagatkiewicza-fresk w sieni), relikty oryginalnych polichromii w partii przyziemia i parteru, polichromie strop\u00f3w<\/p>\n\n\n\n<p>&#8211; Warszawa-Bielany, ko\u015bci\u00f3\u0142 kamedu\u0142\u00f3w, zakrystia, polichromia sklepienia<\/p>\n\n\n\n<p>&#8211; Warszawa-Czerniak\u00f3w:<\/p>\n\n\n\n<p>&#8211; ko\u015bci\u00f3\u0142 bernardyn\u00f3w, polichromie sklepie\u0144 i \u015bcian wn\u0119trza<\/p>\n\n\n\n<p>&#8211; klasztor bernardyn\u00f3w, polichromie sklepie\u0144 zakrystii i kapitularza<\/p>\n\n\n\n<p>&#8211; Warszawa-\u0141azienki:<\/p>\n\n\n\n<p>&#8211; pa\u0142ac na Wodzie, polichromie sal reprezentacyjnych: Bia\u0142ej (asamblowej) i Salomona<\/p>\n\n\n\n<p>&#8211; pa\u0142ac My\u015blewicki, polichromie sal i pokoi parteru i 1. pi\u0119tra<\/p>\n\n\n\n<p>&#8211; Bia\u0142y Domek, polichromie sal i pokoi parteru: Bia\u0142ego, Chi\u0144skiego, sypialni i altany, oraz pokoi 1. pi\u0119tra<\/p>\n\n\n\n<p>&#8211; Stara Oran\u017ceria-Teatr Stanis\u0142awowski: polichromie wn\u0119trz<\/p>\n\n\n\n<p>&#8211; Warszawa-Natolin, pa\u0142ac, polichromia sklepienia salonu zewn\u0119trznego<\/p>\n\n\n\n<p>&#8211; Warszawa-Wilan\u00f3w, pa\u0142ac, polichromie reprezentacyjnych wn\u0119trz parteru i 1. pi\u0119tra (mezzanina) w korpusie g\u0142\u00f3wnym, obu galeriach i skrzydle p\u00f3\u0142nocnym<\/p>\n\n\n\n<p><strong>W\u0118GR\u00d3W, <\/strong>powiat w\u0119growski:<\/p>\n\n\n\n<p>&#8211; ko\u015bci\u00f3\u0142 parafialny, zesp\u00f3\u0142 iluzjonistycznych o\u0142tarzy<\/p>\n\n\n\n<p>&#8211; ko\u015bci\u00f3\u0142 franciszkan\u00f3w-reformat\u00f3w, polichromia kopu\u0142y i kopu\u0142owych sklepie\u0144 kaplic bocznych, kru\u017cganki i klatka schodowa w klasztorze<\/p>\n\n\n\n<p><strong>WIENIAWA<\/strong>, powiat radomski, ko\u015bci\u00f3\u0142 parafialny pw. \u015bw. Katarzyny Aleksandryjskiej, prezbiterium, zesp\u00f3\u0142 wczesnonowo\u017cytnych zacheuszk\u00f3w i polichromia<\/p>\n\n\n\n<p><strong>WOLAN\u00d3W<\/strong>, powiat radomski, obecnie Muzeum Wsi Radomskiej, dawny ko\u015bci\u00f3\u0142 parafialny pw. \u015bw.\u015bw. Doroty i Jana Ewangelisty, polichromia p\u00f3\u017anobarokowa wn\u0119trza<\/p>\n\n\n\n<p><strong>WRZOS<\/strong>, powiat radomski, ko\u015bci\u00f3\u0142 parafialny pw. \u015bw. Wawrzy\u0144ca, prezbiterium i nawa, zesp\u00f3\u0142 p\u00f3\u017anogotyckich zwornik\u00f3w i wspornik\u00f3w z dekoracj\u0105 heraldyczn\u0105 i figuraln\u0105<\/p>\n\n\n\n<p><strong>WYSOKIE KO\u0141O<\/strong>, powiat radomski, ko\u015bci\u00f3\u0142 dominikan\u00f3w, relikty oryginalnej polichromii filar\u00f3w mi\u0119dzynawowych i \u015bcian naw bocznych<\/p>\n\n\n\n<p>Wyszogr\u00f3d, powiat p\u0142ocki, ko\u015bci\u00f3\u0142 franciszkan\u00f3w konwentualnych, relikty oryginalnej polichromii prezbiterium<\/p>\n\n\n\n<p><strong>ZAKROCZYM<\/strong>, powiat p\u0142o\u0144ski, ko\u015bci\u00f3\u0142 konwentualny pw. \u015bw. Wawrzy\u0144ca, fragmenty polichromii w prezbiterium<\/p>\n\n\n\n<p><strong>ZWOLE\u0143<\/strong>, powiat zwole\u0144ski, &nbsp;ko\u015bci\u00f3\u0142 parafialny, polichromie pary kaplic bocznych<\/p>\n\n\n\n<p><strong>Lista miejscowo\u015bci po\u0142o\u017conych na obszarze historycznego Mazowsza, obecnie poza woj. mazowieckim:<\/strong><\/p>\n\n\n\n<p><strong>ARKADIA,<\/strong> powiat \u0142owicki &#8211; woj. \u0142\u00f3dzkie, pawilon \u015awi\u0105tyni Diany, Westybul, Gabinet Egipski i \u015awi\u0105tynia, plafon oraz polichromie sklepie\u0144 i \u015bcian<\/p>\n\n\n\n<p><strong>BOGUSZYCE,<\/strong> powiat rawsko-mazowiecki &#8211; woj. \u0142\u00f3dzkie, ko\u015bci\u00f3\u0142 parafialny, polichromia wn\u0119trza<\/p>\n\n\n\n<p><strong>CZERNIEWICE<\/strong>, powiat Tomasz\u00f3w Mazowiecki &#8211; woj. \u0142\u00f3dzkie, ko\u015bci\u00f3\u0142 parafialny \u015aw. Andrzeja Aposto\u0142a, malatura wn\u0119trza<\/p>\n\n\n\n<p><strong>DOMANIEWICE,<\/strong> powiat \u0141owicz &#8211; woj. \u0142\u00f3dzkie, Kaplica Pielgrzymkowa Narodzenia Pa\u0144skiego, fragment polichromii<\/p>\n\n\n\n<p><strong>JE\u017b\u00d3W,<\/strong> powiat Brzeziny &#8211; woj. \u0142\u00f3dzkie, ko\u015bci\u00f3\u0142 parafialny pw. \u015bw. Andrzeja Aposto\u0142a, polichromia belki t\u0119czowej<\/p>\n\n\n\n<p><strong>KRZEMIENICA<\/strong> powiat Tomasz\u00f3w Mazowiecki &#8211; woj. \u0142\u00f3dzkie, ko\u015bci\u00f3\u0142 par. pw. \u015bw. Jakuba Aposto\u0142a, panel drewniany<\/p>\n\n\n\n<p><strong>\u0141OWICZ, <\/strong>powiat \u0141owicz &#8211; woj. \u0142\u00f3dzkie<strong>:<\/strong><\/p>\n\n\n\n<p>&#8211; kolegiata prymasowska, polichromie kaplic bocznych \u015bw. Anny i Naj\u015bwi\u0119tszego Sakramentu, zewn\u0119trzna kaplica Ogrojca<\/p>\n\n\n\n<p>&#8211; seminarium duchowne misjonarzy, kaplica \u015bw. Karola Boromeusza, polichromia sklepienia i \u015bcian o\u0142tarzowej i ch\u00f3rowej<\/p>\n\n\n\n<p>&#8211; ko\u015bci\u00f3\u0142 pijar\u00f3w, polichromie prezbiterium i kaplic bocznych<\/p>\n\n\n\n<p><strong>NIEBOR\u00d3W<\/strong>, powiat \u0142owicki &#8211; wojew\u00f3dztwo \u0142\u00f3dzkie, pa\u0142ac Ogi\u0144skich \/ Radziwi\u0142\u0142\u00f3w, polichromie wn\u0119trz reprezentacyjnych 1. pi\u0119tra<\/p>\n\n\n\n<p><strong>NIED\u0179WIADNA,<\/strong> powiat grajewski &#8211; woj. podlaskie, ko\u015bci\u00f3\u0142 parafialny pw. \u015bw. Stanis\u0142awa, relikty polichromii wn\u0119trza<\/p>\n\n\n\n<p><strong>SKIERNIEWICE,<\/strong> powiat Skierniewice &#8211; woj. \u0142\u00f3dzkie, ko\u015bci\u00f3\u0142 parafialny, relikty polichromii wn\u0119trza i kazalnicy<\/p>\n\n\n\n<p><strong>W\u0104SOSZ<\/strong>, powiat grajewski &#8211; woj. podlaskie ko\u015bci\u00f3\u0142 karmelit\u00f3w trzewiczkowych, relikty oryginalnej polichromii na elewacji po\u0142udniowej<\/p>\n\n\n\n<p><strong>ZAMBR\u00d3W,<\/strong> powiat zambrowski &#8211; woj. podlaskie, kaplica cmentarna-kostnica, polichromia wn\u0119trza<\/p>\n\n\n\n<p><strong>Lista miejscowo\u015bci po\u0142o\u017conych na historycznym Mazowszu, niezachowane:<\/strong><\/p>\n\n\n\n<p><strong>PUSZCZA MARIA\u0143SKA, <\/strong>powiat grodziski, ko\u015bci\u00f3\u0142 parafialny marian\u00f3w, polichromia wn\u0119trza i para iluzjonistycznych nastaw bocznych<\/p>\n\n\n\n<p><strong>RUSIN\u00d3W<\/strong>, powiat przysuski, pa\u0142ac, relikty oryginalnej polichromii wn\u0119trz reprezentacyjnych<\/p>\n\n\n\n<p>Szczuczyn, powiat grajewski \u2013 woj. podlaskie, ko\u015bci\u00f3\u0142 pijar\u00f3w, polichromie prezbiterium i zakrystii<\/p>\n\n\n\n<p>Warszawa, powiat Warszawa:<\/p>\n\n\n\n<p>&#8211; kolegiata (katedra), polichromie kopu\u0142y i \u015bcian tarczowych kaplicy bocznej Arcybractwa Literackiego<\/p>\n\n\n\n<p>&#8211; ko\u015bci\u00f3\u0142 augustian\u00f3w \u015bw. Marka, polichromia \u015bcian<\/p>\n\n\n\n<p>&#8211; ko\u015bci\u00f3\u0142 franciszkan\u00f3w-reformat\u00f3w \u015bw. Antoniego, polichromie w polach sklepienia prezbiterium i pary bocznych kaplic-mauzole\u00f3w<\/p>\n\n\n\n<p>&#8211; ko\u015bci\u00f3\u0142 paulin\u00f3w Ducha \u015aw., polichromia kopu\u0142y w prezbiterium, polichromia wn\u0119trza kaplicy Matki Boskiej Cz\u0119stochowskiej<\/p>\n\n\n\n<p>&#8211; ko\u015bci\u00f3\u0142 pijar\u00f3w Matki Boskiej \u0141askawej, polichromie pary kaplic prezbiterialnych<\/p>\n\n\n\n<p>&#8211; ko\u015bci\u00f3\u0142 sakramentek \u015bw. Kazimierza, polichromie podniebia i kwater \u015bcian bocznych kopu\u0142y<\/p>\n\n\n\n<p>&#8211; Zamek Kr\u00f3lewski: rekonstrukcja polichromii strop\u00f3w: Pokoju Marmurowego i plafonu Sali Asamblowej, rekonstrukcje polichromii dawnej Sali Poselskiej w Domu Wielkim i Sali Senatorskiej w skrzydle zachodnim<\/p>\n\n\n\n<p>&#8211; Pa\u0142ac pod Blach\u0105: rekonstrukcje polichromii w pokojach w skrzydle p\u00f3\u0142nocnym<\/p>\n\n\n\n<p>&#8211; <strong>\u017bELISZEW PODKO\u015aCIELNY,<\/strong> powiat siedlecki, pa\u0142ac, polichromie wn\u0119trz reprezentacyjnych<\/p>\n\n\n\n<p><\/p>\n\n\n\n<p><\/p>\n","protected":false},"excerpt":{"rendered":"<p>Inwentaryzacja malarstwa \u015bciennego \u015bredniowiecznego i nowo\u017cytnego na Mazowszu NPRH nr 11H 13 0065 82. Projekt badawczy NPRH nr 11H 13&hellip;<\/p>\n","protected":false},"author":7,"featured_media":0,"parent":0,"menu_order":0,"comment_status":"closed","ping_status":"closed","template":"","meta":[],"_links":{"self":[{"href":"https:\/\/katalog.malarstwa.sciennego.mazowsze.uksw.edu.pl\/index.php?rest_route=\/wp\/v2\/pages\/1684"}],"collection":[{"href":"https:\/\/katalog.malarstwa.sciennego.mazowsze.uksw.edu.pl\/index.php?rest_route=\/wp\/v2\/pages"}],"about":[{"href":"https:\/\/katalog.malarstwa.sciennego.mazowsze.uksw.edu.pl\/index.php?rest_route=\/wp\/v2\/types\/page"}],"author":[{"embeddable":true,"href":"https:\/\/katalog.malarstwa.sciennego.mazowsze.uksw.edu.pl\/index.php?rest_route=\/wp\/v2\/users\/7"}],"replies":[{"embeddable":true,"href":"https:\/\/katalog.malarstwa.sciennego.mazowsze.uksw.edu.pl\/index.php?rest_route=%2Fwp%2Fv2%2Fcomments&post=1684"}],"version-history":[{"count":5,"href":"https:\/\/katalog.malarstwa.sciennego.mazowsze.uksw.edu.pl\/index.php?rest_route=\/wp\/v2\/pages\/1684\/revisions"}],"predecessor-version":[{"id":1791,"href":"https:\/\/katalog.malarstwa.sciennego.mazowsze.uksw.edu.pl\/index.php?rest_route=\/wp\/v2\/pages\/1684\/revisions\/1791"}],"wp:attachment":[{"href":"https:\/\/katalog.malarstwa.sciennego.mazowsze.uksw.edu.pl\/index.php?rest_route=%2Fwp%2Fv2%2Fmedia&parent=1684"}],"curies":[{"name":"wp","href":"https:\/\/api.w.org\/{rel}","templated":true}]}}