{"id":1198,"date":"2022-02-02T09:35:44","date_gmt":"2022-02-02T08:35:44","guid":{"rendered":"https:\/\/studiapodyplomowe.uksw.edu.pl\/?page_id=1198"},"modified":"2023-06-15T21:37:29","modified_gmt":"2023-06-15T19:37:29","slug":"o-nas","status":"publish","type":"page","link":"https:\/\/katalog.malarstwa.sciennego.mazowsze.uksw.edu.pl\/?page_id=1198","title":{"rendered":"PRZEBIEG PROJEKTU"},"content":{"rendered":"\n<p><strong>Projekt badawczy NPRH nr <\/strong><strong>11H 13 0065 82.<\/strong><\/p>\n\n\n\n<p><strong><em>\u201eInwentaryzacja malarstwa \u015bciennego \u015bredniowiecznego i nowo\u017cytnego na Mazowszu\u201d<\/em><\/strong><\/p>\n\n\n\n<p>Na pocz\u0105tku realizacji projektu badawczego wykonano poszukiwania bibliograficzne i biblioteczne w celu zapoznania si\u0119 z pracami dotycz\u0105cymi \u015bredniowiecznego malarstwa \u015bciennego na Mazowszu wraz z reprodukcj\u0105 wybranych prac. Zebrano bibliografi\u0119 prac na ten temat, kt\u00f3re b\u0119dzie niezb\u0119dna do dalszej realizacji projektu.<\/p>\n\n\n\n<p>W 2015 roku wykonano inwentaryzacj\u0119 \u015bciennego malarstwa \u015bredniowiecznego i nowo\u017cytnego w Warszawie i w innych du\u017cych miastach Mazowsza wraz z reprodukcj\u0105 zbytk\u00f3w. Materia\u0142y zosta\u0142y opracowane. Stanowi\u0105 one podstaw\u0119 katalogu.<\/p>\n\n\n\n<p>W 2016 roku wykonano inwentaryzacj\u0119 \u015bciennego malarstwa \u015bredniowiecznego i nowo\u017cytnego na po\u0142udniowo-wschodnim i na po\u0142udniowym Mazowszu wraz z reprodukcj\u0105 zabytk\u00f3w. Materia\u0142y te zosta\u0142y opracowane. Stanowi\u0105 one podstaw\u0119 katalogu zabytk\u00f3w.<\/p>\n\n\n\n<p>W 2017 roku uzupe\u0142niano inwentaryzacj\u0119 \u015bciennego malarstwa \u015bredniowiecznego i nowo\u017cytnego na p\u00f3\u0142nocno-wschodnim i na p\u00f3\u0142nocnym Mazowszu wraz z reprodukcj\u0105 zabytk\u00f3w. Materia\u0142y te zosta\u0142y opracowane. Stanowi\u0105 one podstaw\u0119 katalogu zabytk\u00f3w.<\/p>\n\n\n\n<p>W 2018 roku uzupe\u0142niano inwentaryzacj\u0119 \u015bciennego malarstwa \u015bredniowiecznego i nowo\u017cytnego na zachodnim Mazowszu wraz z reprodukcj\u0105 zabytk\u00f3w. Materia\u0142y te zosta\u0142y opracowane. Stanowi\u0105 one podstaw\u0119 katalogu zabytk\u00f3w.<\/p>\n\n\n\n<p>W 2019 roku uzupe\u0142niano inwentaryzacj\u0119 \u015bciennego malarstwa \u015bredniowiecznego i nowo\u017cytnego na zachodnim Mazowszu wraz z reprodukcj\u0105 zabytk\u00f3w i jej opracowaniem oraz uzupe\u0142niano inwentaryzacj\u0119 \u015bciennego malarstwa \u015bredniowiecznego i nowo\u017cytnego w innych cz\u0119\u015bciach Mazowsza wraz z opracowaniem. Materia\u0142y te zosta\u0142y opracowane. Stanowi\u0105 one podstaw\u0119 katalogu zabytk\u00f3w.<\/p>\n\n\n\n<p>W 2020 roku uzupe\u0142niano inwentaryzacj\u0119 \u015bciennego malarstwa \u015bredniowiecznego i nowo\u017cytnego na p\u00f3\u0142nocnym Mazowszu wraz z reprodukcj\u0105 zabytk\u00f3w i jej opracowaniem oraz uzupe\u0142niano inwentaryzacj\u0119 \u015bciennego malarstwa \u015bredniowiecznego i nowo\u017cytnego w innych cz\u0119\u015bciach Mazowsza wraz z opracowaniem. Materia\u0142y te zosta\u0142y opracowane. Stanowi\u0105 one podstaw\u0119 katalogu zabytk\u00f3w. Prace uleg\u0142y spowolnieniu i cz\u0119\u015bciowemu zatrzymaniu na skutek epidemii COVID.<\/p>\n\n\n\n<p>W 2021 roku kontynuowano inwentaryzacj\u0119 \u015bciennego malarstwa \u015bredniowiecznego i nowo\u017cytnego na p\u00f3\u0142nocnym i zachodnim Mazowszu oraz uzupe\u0142niano na pozosta\u0142ych terenach wraz z reprodukcj\u0105 zabytk\u00f3w i jej opracowaniem oraz uzupe\u0142niano inwentaryzacj\u0119 \u015bciennego malarstwa \u015bredniowiecznego i nowo\u017cytnego w innych cz\u0119\u015bciach Mazowsza wraz z opracowaniem. Materia\u0142y te zosta\u0142y opracowane. Prace uleg\u0142y spowolnieniu i cz\u0119\u015bciowemu zatrzymaniu na skutek powrotu epidemii COVID.<\/p>\n\n\n\n<p>Wykonane prace wi\u0105za\u0142y si\u0119 z opracowaniem inwentaryzacji i katalogu malarstwa \u015bciennego na terenie Mazowsza z okresu \u015bredniowiecza i nowo\u017cytno\u015bci (autorzy: Jakub Lewicki, Micha\u0142 Wardzy\u0144ski,Ma\u0142gorzata Korpa\u0142a), kt\u00f3ry z\u0142o\u017cono do druku.<\/p>\n\n\n\n<p>Katalog b\u0119dzie mia\u0142 podstawowe znaczenie dla badaczy zabytk\u00f3w malarstwa \u015bciennego \u015bredniowiecznego i nowo\u017cytnego na Mazowszu.<\/p>\n\n\n\n<p><\/p>\n\n\n\n<p><\/p>\n","protected":false},"excerpt":{"rendered":"<p>Projekt badawczy NPRH nr 11H 13 0065 82. \u201eInwentaryzacja malarstwa \u015bciennego \u015bredniowiecznego i nowo\u017cytnego na Mazowszu\u201d Na pocz\u0105tku realizacji projektu&hellip;<\/p>\n","protected":false},"author":1,"featured_media":0,"parent":0,"menu_order":0,"comment_status":"closed","ping_status":"closed","template":"","meta":[],"_links":{"self":[{"href":"https:\/\/katalog.malarstwa.sciennego.mazowsze.uksw.edu.pl\/index.php?rest_route=\/wp\/v2\/pages\/1198"}],"collection":[{"href":"https:\/\/katalog.malarstwa.sciennego.mazowsze.uksw.edu.pl\/index.php?rest_route=\/wp\/v2\/pages"}],"about":[{"href":"https:\/\/katalog.malarstwa.sciennego.mazowsze.uksw.edu.pl\/index.php?rest_route=\/wp\/v2\/types\/page"}],"author":[{"embeddable":true,"href":"https:\/\/katalog.malarstwa.sciennego.mazowsze.uksw.edu.pl\/index.php?rest_route=\/wp\/v2\/users\/1"}],"replies":[{"embeddable":true,"href":"https:\/\/katalog.malarstwa.sciennego.mazowsze.uksw.edu.pl\/index.php?rest_route=%2Fwp%2Fv2%2Fcomments&post=1198"}],"version-history":[{"count":4,"href":"https:\/\/katalog.malarstwa.sciennego.mazowsze.uksw.edu.pl\/index.php?rest_route=\/wp\/v2\/pages\/1198\/revisions"}],"predecessor-version":[{"id":1676,"href":"https:\/\/katalog.malarstwa.sciennego.mazowsze.uksw.edu.pl\/index.php?rest_route=\/wp\/v2\/pages\/1198\/revisions\/1676"}],"wp:attachment":[{"href":"https:\/\/katalog.malarstwa.sciennego.mazowsze.uksw.edu.pl\/index.php?rest_route=%2Fwp%2Fv2%2Fmedia&parent=1198"}],"curies":[{"name":"wp","href":"https:\/\/api.w.org\/{rel}","templated":true}]}}